{"id":60,"date":"2023-01-09T16:14:41","date_gmt":"2023-01-09T15:14:41","guid":{"rendered":"http:\/\/fraternites-paroissiales-missionnaires56.fr\/?page_id=60"},"modified":"2026-03-02T20:02:44","modified_gmt":"2026-03-02T19:02:44","slug":"home","status":"publish","type":"page","link":"https:\/\/fraternites-paroissiales-missionnaires56.fr\/","title":{"rendered":"Accueil"},"content":{"rendered":"\n<p class=\"has-text-align-center\" style=\"font-size:17px\"><strong><em>\u00ab L\u00e0 o\u00f9 deux ou trois sont r\u00e9unis en mon nom, <\/em><\/strong><strong><em>je suis au milieu d&rsquo;eux \u00bb<\/em><\/strong> <\/p>\n\n\n\n<p class=\"has-text-align-center has-small-font-size\"><em>Matthieu 18, 20<\/em><br><\/p>\n\n\n\n<figure class=\"wp-block-image size-large\"><img loading=\"lazy\" decoding=\"async\" width=\"1024\" height=\"464\" src=\"https:\/\/fraternites-paroissiales-missionnaires56.fr\/wp-content\/uploads\/2025\/05\/banniere-logo-FPM-site-1-1024x464.png\" alt=\"\" class=\"wp-image-961\" srcset=\"https:\/\/fraternites-paroissiales-missionnaires56.fr\/wp-content\/uploads\/2025\/05\/banniere-logo-FPM-site-1-1024x464.png 1024w, https:\/\/fraternites-paroissiales-missionnaires56.fr\/wp-content\/uploads\/2025\/05\/banniere-logo-FPM-site-1-300x136.png 300w, https:\/\/fraternites-paroissiales-missionnaires56.fr\/wp-content\/uploads\/2025\/05\/banniere-logo-FPM-site-1-768x348.png 768w, https:\/\/fraternites-paroissiales-missionnaires56.fr\/wp-content\/uploads\/2025\/05\/banniere-logo-FPM-site-1.png 1418w\" sizes=\"auto, (max-width: 1024px) 100vw, 1024px\" \/><\/figure>\n\n\n\n<div style=\"height:30px\" aria-hidden=\"true\" class=\"wp-block-spacer\"><\/div>\n\n\n\n<figure class=\"wp-block-embed is-type-video is-provider-youtube wp-block-embed-youtube wp-embed-aspect-16-9 wp-has-aspect-ratio\"><div class=\"wp-block-embed__wrapper\">\n<iframe loading=\"lazy\" title=\"Premier rassemblement des Fraternit\u00e9s Paroissiales Missionnaires\" width=\"750\" height=\"422\" src=\"https:\/\/www.youtube.com\/embed\/VtshsVPB2Jc?feature=oembed\" frameborder=\"0\" allow=\"accelerometer; autoplay; clipboard-write; encrypted-media; gyroscope; picture-in-picture; web-share\" referrerpolicy=\"strict-origin-when-cross-origin\" allowfullscreen><\/iframe>\n<\/div><\/figure>\n\n\n\n<p>Merci \u00e0 \u00ab\u00a0Chr\u00e9tien en Morbihan\u00a0\u00bb et \u00ab\u00a0Famille Chr\u00e9tienne\u00a0\u00bb pour leurs articles concernant les Fraternit\u00e9s Paroissiales Missionnaires. <\/p>\n\n\n\n<p><a href=\"https:\/\/www.vannes.catholique.fr\/archives-cem\/\">Source dioc\u00e9saine<\/a> <\/p>\n\n\n\n<div class=\"wp-block-pdfjsblock-pdfjs-embed pdfjs-wrapper\"><\/div>\n\n\n\n<div class=\"wp-block-pdfjsblock-pdfjs-embed pdfjs-wrapper\"><\/div>\n\n\n\n<div class=\"wp-block-cover is-light\"><span aria-hidden=\"true\" class=\"wp-block-cover__background has-white-background-color has-background-dim-10 has-background-dim\"><\/span><div class=\"wp-block-cover__inner-container is-layout-flow wp-block-cover-is-layout-flow\">\n<h5 class=\"wp-block-heading has-text-align-left has-white-color has-text-color has-medium-font-size\" style=\"font-style:normal;font-weight:400\">Les fraternit\u00e9s paroissiales missionnaires sont des petits groupes de chr\u00e9tiens ou de personnes qui se r\u00e9unissent dans les paroisses de mani\u00e8re r\u00e9guli\u00e8re pour vivre ensemble <strong>des temps de convivialit\u00e9, de partage de la Parole de Dieu ou d&rsquo;un enseignement et de pri\u00e8re fraternelle<\/strong>. <\/h5>\n\n\n\n<div class=\"wp-block-columns container is-layout-flex wp-container-core-columns-is-layout-9d6595d7 wp-block-columns-is-layout-flex\">\n<div class=\"wp-block-column is-layout-flow wp-block-column-is-layout-flow\"><div class=\"wp-block-image is-style-rounded\">\n<figure class=\"aligncenter size-full is-resized\"><img loading=\"lazy\" decoding=\"async\" width=\"367\" height=\"307\" src=\"http:\/\/fraternites-paroissiales-missionnaires56.fr\/wp-content\/uploads\/2023\/01\/icone-groupe-orange.png\" alt=\"\" class=\"wp-image-104\" style=\"width:92px;height:77px\" srcset=\"https:\/\/fraternites-paroissiales-missionnaires56.fr\/wp-content\/uploads\/2023\/01\/icone-groupe-orange.png 367w, https:\/\/fraternites-paroissiales-missionnaires56.fr\/wp-content\/uploads\/2023\/01\/icone-groupe-orange-300x251.png 300w\" sizes=\"auto, (max-width: 367px) 100vw, 367px\" \/><\/figure>\n<\/div>\n\n\n<h2 class=\"wp-block-heading has-text-align-center has-white-color has-text-color\" style=\"font-size:25px\">Pour qui ? <\/h2>\n\n\n\n<p><\/p>\n\n\n\n<p class=\"has-text-align-center has-white-color has-text-color\" style=\"font-size:14px\">Toutes les personnes qui le souhaitent&nbsp;: paroissiens, pratiquants occasionnels, nouveaux baptis\u00e9s et confirm\u00e9s, personnes venant de suivre une formation dioc\u00e9saine ou un parcours (Alpha\u2026), parents d\u2019enfants cat\u00e9chis\u00e9s, personnes qui veulent d\u00e9couvrir la foi ou en recherche de relations fraternelles, amis\u2026<\/p>\n<\/div>\n\n\n\n<div class=\"wp-block-column is-layout-flow wp-block-column-is-layout-flow\"><div class=\"wp-block-image is-style-rounded\">\n<figure class=\"aligncenter size-full is-resized\"><img loading=\"lazy\" decoding=\"async\" width=\"367\" height=\"307\" src=\"http:\/\/fraternites-paroissiales-missionnaires56.fr\/wp-content\/uploads\/2023\/01\/icone-agenda-jaune.png\" alt=\"\" class=\"wp-image-107\" style=\"width:92px;height:77px\" srcset=\"https:\/\/fraternites-paroissiales-missionnaires56.fr\/wp-content\/uploads\/2023\/01\/icone-agenda-jaune.png 367w, https:\/\/fraternites-paroissiales-missionnaires56.fr\/wp-content\/uploads\/2023\/01\/icone-agenda-jaune-300x251.png 300w\" sizes=\"auto, (max-width: 367px) 100vw, 367px\" \/><\/figure>\n<\/div>\n\n\n<h5 class=\"wp-block-heading has-text-align-center has-white-color has-text-color\" style=\"font-size:25px\">Quand ? <\/h5>\n\n\n\n<p><\/p>\n\n\n\n<p class=\"has-text-align-center has-white-color has-text-color\" style=\"font-size:14px\">Selon le souhait des participants \u00e0 l\u2019horaire qui leur convient en fonction de leurs activit\u00e9s et selon la r\u00e9gularit\u00e9 qu\u2019ils d\u00e9sirent (tous les 15 jours ou 1 fois par mois) en dehors des p\u00e9riodes de vacances scolaires. Une rencontre dure environ 1h30.<\/p>\n<\/div>\n\n\n\n<div class=\"wp-block-column is-layout-flow wp-block-column-is-layout-flow\"><div class=\"wp-block-image is-style-rounded\">\n<figure class=\"aligncenter size-full is-resized\"><img loading=\"lazy\" decoding=\"async\" width=\"367\" height=\"307\" src=\"http:\/\/fraternites-paroissiales-missionnaires56.fr\/wp-content\/uploads\/2023\/01\/icone-maison-rouge.png\" alt=\"\" class=\"wp-image-108\" style=\"width:92px;height:77px\" srcset=\"https:\/\/fraternites-paroissiales-missionnaires56.fr\/wp-content\/uploads\/2023\/01\/icone-maison-rouge.png 367w, https:\/\/fraternites-paroissiales-missionnaires56.fr\/wp-content\/uploads\/2023\/01\/icone-maison-rouge-300x251.png 300w\" sizes=\"auto, (max-width: 367px) 100vw, 367px\" \/><\/figure>\n<\/div>\n\n\n<h5 class=\"wp-block-heading has-text-align-center has-white-color has-text-color\" style=\"font-size:25px\">O\u00f9 ? <\/h5>\n\n\n\n<p class=\"has-text-align-center has-white-color has-text-color\" style=\"font-size:14px\">Au domicile de l\u2019un des participants de pr\u00e9f\u00e9rence (ou bien dans une salle paroissiale qui soit am\u00e9nag\u00e9e de mani\u00e8re conviviale).<\/p>\n\n\n\n<div class=\"wp-block-buttons alignwide is-content-justification-center is-layout-flex wp-container-core-buttons-is-layout-16018d1d wp-block-buttons-is-layout-flex\">\n<div class=\"wp-block-button\"><a class=\"wp-block-button__link has-accent-background-color has-background wp-element-button\" href=\"http:\/\/fraternites-paroissiales-missionnaires56.fr\/wp-content\/uploads\/2024\/05\/Flyer-Fraternites-paroissiales-missionnaires2024.pdf\">T\u00e9l\u00e9charger le flyer<\/a><\/div>\n<\/div>\n<\/div>\n<\/div>\n<\/div><\/div>\n\n\n\n<div class=\"wp-block-columns is-layout-flex wp-container-core-columns-is-layout-9d6595d7 wp-block-columns-is-layout-flex\">\n<div class=\"wp-block-column is-layout-flow wp-block-column-is-layout-flow\" style=\"flex-basis:500px\"><\/div>\n<\/div>\n\n\n\n<div class=\"wp-block-columns is-layout-flex wp-container-core-columns-is-layout-9d6595d7 wp-block-columns-is-layout-flex\">\n<div class=\"wp-block-column is-layout-flow wp-block-column-is-layout-flow\" style=\"flex-basis:66.66%\">\n<figure class=\"wp-block-embed is-type-video is-provider-youtube wp-block-embed-youtube wp-embed-aspect-16-9 wp-has-aspect-ratio\"><div class=\"wp-block-embed__wrapper\">\n<iframe loading=\"lazy\" title=\"Fraternit\u00e9s paroissiales missionnaires : \u00e9lancez-vous !\" width=\"750\" height=\"422\" src=\"https:\/\/www.youtube.com\/embed\/Wb7rD82_UVA?feature=oembed\" frameborder=\"0\" allow=\"accelerometer; autoplay; clipboard-write; encrypted-media; gyroscope; picture-in-picture; web-share\" referrerpolicy=\"strict-origin-when-cross-origin\" allowfullscreen><\/iframe>\n<\/div><\/figure>\n<\/div>\n\n\n\n<div class=\"wp-block-column is-layout-flow wp-block-column-is-layout-flow\" style=\"flex-basis:33.33%\">\n<div style=\"height:50px\" aria-hidden=\"true\" class=\"wp-block-spacer\"><\/div>\n\n\n\n<div class=\"wp-block-cover is-light\" style=\"min-height:280px;aspect-ratio:unset;\"><span aria-hidden=\"true\" class=\"wp-block-cover__background has-accent-background-color has-background-dim-60 has-background-dim\"><\/span><div class=\"wp-block-cover__inner-container is-layout-flow wp-block-cover-is-layout-flow\">\n<p class=\"has-text-align-center has-white-color has-text-color has-medium-font-size\" style=\"font-style:normal;font-weight:800\"><strong>Cr\u00e9er <\/strong><strong>une fraternit\u00e9<\/strong><\/p>\n\n\n<div class=\"wp-block-image\">\n<figure class=\"aligncenter size-full is-resized\"><a href=\"http:\/\/fraternites-paroissiales-missionnaires56.fr\/index.php\/2023\/01\/10\/mode-demploi\/\"><img loading=\"lazy\" decoding=\"async\" width=\"367\" height=\"307\" src=\"http:\/\/fraternites-paroissiales-missionnaires56.fr\/wp-content\/uploads\/2023\/01\/icone-outils-blanc.png\" alt=\"\" class=\"wp-image-517\" style=\"width:184px;height:157px\" srcset=\"https:\/\/fraternites-paroissiales-missionnaires56.fr\/wp-content\/uploads\/2023\/01\/icone-outils-blanc.png 367w, https:\/\/fraternites-paroissiales-missionnaires56.fr\/wp-content\/uploads\/2023\/01\/icone-outils-blanc-300x251.png 300w\" sizes=\"auto, (max-width: 367px) 100vw, 367px\" \/><\/a><\/figure>\n<\/div><\/div><\/div>\n<\/div>\n<\/div>\n\n\n\n<div style=\"height:\" aria-hidden=\"true\" class=\"wp-block-spacer\"><\/div>\n","protected":false},"excerpt":{"rendered":"<p>\u00ab L\u00e0 o\u00f9 deux ou trois sont r\u00e9unis en mon nom, je suis au milieu d&rsquo;eux \u00bb Matthieu 18, 20 Merci \u00e0 \u00ab\u00a0Chr\u00e9tien en Morbihan\u00a0\u00bb et \u00ab\u00a0Famille Chr\u00e9tienne\u00a0\u00bb pour leurs articles concernant les Fraternit\u00e9s Paroissiales Missionnaires. Source dioc\u00e9saine<\/p>\n","protected":false},"author":2,"featured_media":494,"parent":0,"menu_order":0,"comment_status":"closed","ping_status":"closed","template":"","meta":{"_themeisle_gutenberg_block_has_review":false,"footnotes":""},"class_list":["post-60","page","type-page","status-publish","has-post-thumbnail","hentry"],"_links":{"self":[{"href":"https:\/\/fraternites-paroissiales-missionnaires56.fr\/index.php\/wp-json\/wp\/v2\/pages\/60","targetHints":{"allow":["GET"]}}],"collection":[{"href":"https:\/\/fraternites-paroissiales-missionnaires56.fr\/index.php\/wp-json\/wp\/v2\/pages"}],"about":[{"href":"https:\/\/fraternites-paroissiales-missionnaires56.fr\/index.php\/wp-json\/wp\/v2\/types\/page"}],"author":[{"embeddable":true,"href":"https:\/\/fraternites-paroissiales-missionnaires56.fr\/index.php\/wp-json\/wp\/v2\/users\/2"}],"replies":[{"embeddable":true,"href":"https:\/\/fraternites-paroissiales-missionnaires56.fr\/index.php\/wp-json\/wp\/v2\/comments?post=60"}],"version-history":[{"count":186,"href":"https:\/\/fraternites-paroissiales-missionnaires56.fr\/index.php\/wp-json\/wp\/v2\/pages\/60\/revisions"}],"predecessor-version":[{"id":1047,"href":"https:\/\/fraternites-paroissiales-missionnaires56.fr\/index.php\/wp-json\/wp\/v2\/pages\/60\/revisions\/1047"}],"wp:featuredmedia":[{"embeddable":true,"href":"https:\/\/fraternites-paroissiales-missionnaires56.fr\/index.php\/wp-json\/wp\/v2\/media\/494"}],"wp:attachment":[{"href":"https:\/\/fraternites-paroissiales-missionnaires56.fr\/index.php\/wp-json\/wp\/v2\/media?parent=60"}],"curies":[{"name":"wp","href":"https:\/\/api.w.org\/{rel}","templated":true}]}}