{"id":76,"date":"2023-01-09T16:47:13","date_gmt":"2023-01-09T15:47:13","guid":{"rendered":"http:\/\/fraternites-paroissiales-missionnaires56.fr\/?page_id=76"},"modified":"2025-04-04T15:43:32","modified_gmt":"2025-04-04T13:43:32","slug":"contenus","status":"publish","type":"page","link":"https:\/\/fraternites-paroissiales-missionnaires56.fr\/index.php\/contenus\/","title":{"rendered":"Contenus"},"content":{"rendered":"\n<h1 class=\"wp-block-heading\"><strong>Enseignements cl\u00e9s en main du dioc\u00e8se<\/strong><\/h1>\n\n\n\n<p>Le temps d\u2019enseignement est un moment important de la rencontre de la Fraternit\u00e9. Le dioc\u00e8se vous propose des enseignements cl\u00e9s en main.<\/p>\n\n\n\n<ul class=\"wp-block-list\">\n<li><strong>\u00ab Vivre l\u2019Avent\u00bb : dans le cadre de l\u2019Ann\u00e9e Sainte Anne<\/strong><\/li>\n\n\n\n<li><strong>Les attitudes d\u2019amour de J\u00e9sus dans l\u2019Evangile<\/strong><\/li>\n\n\n\n<li><strong>La Joie de l\u2018amour en famille au travers de l\u2019exhortation apostolique&nbsp;<em>Amoris Laetitia&nbsp;<\/em>du Pape Fran\u00e7ois<\/strong><\/li>\n<\/ul>\n\n\n\n<h3 class=\"wp-block-heading\"><strong>Vivre l\u2019Avent<\/strong><\/h3>\n\n\n\n<p><a href=\"https:\/\/www.calameo.com\/read\/00484892784d9229d5e61\">DECOUVRIR LE LIVRET<\/a><\/p>\n\n\n\n<p><strong>Attitudes d\u2019amour de J\u00e9sus dans l\u2019Evangile<\/strong><\/p>\n\n\n\n<p>Au travers de 10 textes d\u2019Evangile, nous vous proposons d\u2019observer des attitudes de J\u00e9sus, parfois surprenantes, toujours nouvelles et r\u00e9v\u00e9latrices de l\u2019amour de Dieu.<\/p>\n\n\n\n<p>Dans ces textes, nous verrons J\u00e9sus s\u2019approcher, donner de la tendresse, toucher, gu\u00e9rir, pardonner, relever\u2026 en un mot \u00ab aimer \u00bb.<\/p>\n\n\n\n<p>Ces extraits nous inviteront \u00e9galement \u00e0 relire notre vie. Comment vivons-nous notre foi ? Accueillons-nous l\u2019amour de J\u00e9sus ? Nous sentons-nous aim\u00e9s par Dieu ? Avons-nous aussi des attitudes d\u2019amour dans notre vie quotidienne ?\u2026<\/p>\n\n\n\n<p><strong><a href=\"https:\/\/fraternitesparoissialesmissionnaires56.fr\/jesus-et-le-lepreux\/\">1- J\u00e9sus et le l\u00e9preux<\/a><\/strong><\/p>\n\n\n\n<p><a href=\"https:\/\/fraternitesparoissialesmissionnaires56.fr\/2-jesus-et-zachee\/\"><strong>2- J\u00e9sus et Zach\u00e9e<\/strong><\/a><\/p>\n\n\n\n<p><strong><a href=\"https:\/\/fraternitesparoissialesmissionnaires56.fr\/jesus-et-la-femme-adultere\/\">3- J\u00e9sus et la femme adult\u00e8re<\/a><\/strong><\/p>\n\n\n\n<p><a href=\"https:\/\/fraternitesparoissialesmissionnaires56.fr\/jesus-simon-et-la-pecheresse\/\"><strong>4- J\u00e9sus, Simon et la p\u00e9cheresse<\/strong><\/a><\/p>\n\n\n\n<p><a href=\"https:\/\/fraternitesparoissialesmissionnaires56.fr\/jesus-et-les-enfants\/\"><strong>5- J\u00e9sus et les enfants<\/strong><\/a><\/p>\n\n\n\n<p><a href=\"https:\/\/fraternitesparoissialesmissionnaires56.fr\/jesus-marthe-et-marie\/\"><strong>6- J\u00e9sus, Marthe et Marie<\/strong><\/a><\/p>\n\n\n\n<p><a href=\"https:\/\/fraternitesparoissialesmissionnaires56.fr\/jesus-les-pharisiens-et-lhomme-a-la-main-paralysee\/\"><strong>7- J\u00e9sus, les Pharisiens et l\u2019homme \u00e0 la main paralys\u00e9e<\/strong><\/a><\/p>\n\n\n\n<p><a href=\"https:\/\/fraternitesparoissialesmissionnaires56.fr\/jesus-et-lhomme-riche\/\"><strong>8- J\u00e9sus et l\u2019homme riche<\/strong><\/a><\/p>\n\n\n\n<p><a href=\"https:\/\/fraternitesparoissialesmissionnaires56.fr\/jesus-et-bartimee-laveugle\/\"><strong>9- J\u00e9sus et Bartim\u00e9e, l\u2019aveugle<\/strong><\/a><\/p>\n\n\n\n<p><strong><a href=\"https:\/\/fraternitesparoissialesmissionnaires56.fr\/jesus-est-oint-par-une-femme\/\">10- J\u00e9sus est oint par une femme<\/a><\/strong><\/p>\n\n\n\n<h3 class=\"wp-block-heading\"><strong>La joie de l\u2019amour en famille<\/strong><\/h3>\n\n\n\n<p>au travers de l\u2019exhortation apostolique&nbsp;<em>Amoris Laetitia<\/em>&nbsp;du Pape Fran\u00e7ois<\/p>\n\n\n\n<p>A travers un parcours comprenant 10 vid\u00e9os, le Saint-P\u00e8re nous invite \u00e0 cheminer ensemble pour red\u00e9couvrir la famille comme un don, malgr\u00e9 tous les probl\u00e8mes, les obstacles et les d\u00e9fis qu\u2019elle doit aujourd\u2019hui affronter.<\/p>\n\n\n\n<p>L\u2019objectif est de nourrir la r\u00e9flexion, le dialogue ou bien la pratique pastorale, et en m\u00eame temps d\u2019encourager, stimuler et aider les familles dans leur vie spirituelle et concr\u00e8te de tous les jours. L\u2019Exhortation Apostolique&nbsp;<em>Amoris Laetitia<\/em>, gr\u00e2ce \u00e0 son langage simple et concret, entend toucher toute l\u2019\u00c9glise et, d\u2019une mani\u00e8re particuli\u00e8re, les familles chr\u00e9tiennes.<\/p>\n\n\n\n<p><strong><a href=\"https:\/\/fraternitesparoissialesmissionnaires56.fr\/1-cheminer-ensemble\/\">1- Cheminer ensemble<\/a><\/strong><\/p>\n\n\n\n<p><a href=\"https:\/\/fraternitesparoissialesmissionnaires56.fr\/2-la-famille-a-la-lumiere-de-la-parole-de-dieu\/\"><strong>2- La famille \u00e0 la lumi\u00e8re de la Parole de Dieu<\/strong><\/a><\/p>\n\n\n\n<p><strong><a href=\"https:\/\/fraternitesparoissialesmissionnaires56.fr\/3-la-vocation-de-la-famille\/\">3- La vocation de la famille<\/a><\/strong><\/p>\n\n\n\n<p><strong><a href=\"https:\/\/fraternitesparoissialesmissionnaires56.fr\/4-lamour-dans-le-mariage\/\">4- L\u2019amour dans le mariage<\/a><\/strong><\/p>\n\n\n\n<p><a href=\"https:\/\/fraternitesparoissialesmissionnaires56.fr\/5-le-pour-toujours-et-la-beaute-de-l-amour\/\"><strong>5- Le \u00ab pour toujours \u00bb et la beaut\u00e9 de l\u2019amour<\/strong><\/a><\/p>\n\n\n\n<p><a href=\"https:\/\/fraternitesparoissialesmissionnaires56.fr\/6-l-amour-colore-le-gris-du-monde\/\"><strong>6- L\u2019amour colore le gris du monde<\/strong><\/a><\/p>\n\n\n\n<p><a href=\"https:\/\/fraternitesparoissialesmissionnaires56.fr\/7-appeles-a-une-mission-ecclesiale\/\"><strong>7- Appel\u00e9s \u00e0 une mission eccl\u00e9siale<\/strong><\/a><\/p>\n\n\n\n<p><a href=\"https:\/\/fraternitesparoissialesmissionnaires56.fr\/8-elever-les-enfants-un-appel-un-defi-une-joie\/\"><strong>8- \u00c9lever les enfants : un appel, un d\u00e9fi, une joie<\/strong><\/a><\/p>\n\n\n\n<p><a href=\"https:\/\/fraternitesparoissialesmissionnaires56.fr\/9-accompagner-la-fragilite\/\"><strong>9- Accompagner la fragilit\u00e9<\/strong><\/a><\/p>\n\n\n\n<p><a href=\"https:\/\/fraternitesparoissialesmissionnaires56.fr\/10-amoris-laetitia-edition-speciale\/\"><strong>10- Amoris laetitia \u00e9dition sp\u00e9ciale<\/strong><\/a><\/p>\n\n\n\n<p><strong>Autres parcours et propositions<\/strong><\/p>\n\n\n\n<p><strong>Conna\u00eetre J\u00e9sus<\/strong><\/p>\n\n\n\n<p>Une formation interactive en 7 s\u00e9ances, destin\u00e9e \u00e0 tous ceux qui souhaitent approfondir leur relation avec J\u00e9sus, prendre du temps pour mieux le conna\u00eetre ou tout simplement le d\u00e9couvrir.<\/p>\n\n\n\n<p><em>\u00ab J\u00e9sus est l\u00e0, il continue \u00e0 \u00eatre parmi nous, avec nous, vivant et ressuscit\u00e9. Il est le nom et le visage de l\u2019Amour, qui est au fondement de notre joie. \u00bb&nbsp;<\/em>\u2003&nbsp;<strong>Pape Fran\u00e7ois.<\/strong><\/p>\n\n\n\n<p>Qui est-il ? Le J\u00e9sus de l\u2019histoire et celui des \u00e9vangiles, est-ce bien compatible ? Pourquoi dit-on qu\u2019il est le Sauveur ? Pourquoi lui fallait-il passer par la Passion ? Que retenir de son enseignement ? Peut-on vivre avec lui, aujourd\u2019hui ? Qui est-il pour nous ?<\/p>\n\n\n\n<p>L\u2019objectif de ce parcours est de mieux conna\u00eetre J\u00e9sus, de le contempler, pour mieux l\u2019aimer, mieux le suivre.<\/p>\n\n\n\n<p>Tous les renseignements, le vid\u00e9os et les documents sont accessible gratuitement sur le site :&nbsp;<a href=\"https:\/\/formation-catholique.fr\/connaitre-jesus\/\">www.connaitre-jesus.fr<\/a><\/p>\n\n\n\n<p><strong>Le miracle de la gratitude&nbsp;<em>(pour le temps du Car\u00eame)<\/em><\/strong><\/p>\n\n\n\n<p>40 jours pendant le Car\u00eame pour go\u00fbter une vie nouvelle<\/p>\n\n\n\n<p>Le \u00ab&nbsp;Miracle de la Gratitude&nbsp;\u00bb est un parcours en 5 \u00e9tapes imagin\u00e9 par le p\u00e8re Lionel Dalle, pr\u00eatre catholique \u00e0 Toulon, pour enseigner ses paroissiens pendant le temps du Car\u00eame. Les fruits ont \u00e9t\u00e9 tels que de nombreuses personnes ont demand\u00e9 \u00e0 pouvoir r\u00e9utiliser le parcours et l\u2019adapter pour accompagner d\u2019autres groupes.<\/p>\n\n\n\n<p>Selon le P\u00e8re Lionel Dalle, les effets de la gratitude \u00ab sont stup\u00e9fiants. Ils sont nombreux, durables, et prouv\u00e9s. La gratitude est au c\u0153ur de la foi chr\u00e9tienne puisque le mot m\u00eame d\u2019eucharistie (messe) signifie action de gr\u00e2ce c\u2019est \u00e0 dire gratitude.<\/p>\n\n\n\n<p>La gratitude agit au niveau de notre corps, de notre psychisme, au niveau relationnel et spirituel. Au long de ce parcours, nous apprendrons \u00e0 devenir des personnes habit\u00e9es par la gratitude, et ainsi \u00e0 entrer dans une vie nouvelle avec J\u00e9sus. \u00bb<\/p>\n\n\n\n<p>Tous les documents et renseignements se trouvent sur le site :&nbsp;<a href=\"https:\/\/miracledelagratitude.fr\/\">miraclesdelagratitude.fr<\/a><\/p>\n\n\n\n<p><strong>Modalit\u00e9s pratiques :<\/strong><\/p>\n\n\n\n<ul class=\"wp-block-list\">\n<li>Choisir : kit du parcours<\/li>\n\n\n\n<li>S\u2019inscrire gratuitement<\/li>\n\n\n\n<li>Choisir : kit standard en 5 \u00e9tapes<\/li>\n<\/ul>\n\n\n\n<p>On y trouve :<\/p>\n\n\n\n<ul class=\"wp-block-list\">\n<li>le contenu des 5 enseignements (sous forme de topos et de vid\u00e9os)<\/li>\n\n\n\n<li>ainsi que le livret du participant<\/li>\n<\/ul>\n\n\n\n<p><strong>Ressources diverses pour trouver des enseignements<\/strong><\/p>\n\n\n\n<p><strong>Dans la Parole de Dieu :<\/strong><\/p>\n\n\n\n<p>L\u2019Evangile du dimanche ou un autre texte propos\u00e9 pour la messe dominicale (cf. Prions En Eglise, Magnificat, Paroles et Pri\u00e8res ou&nbsp;<a href=\"https:\/\/www.aelf.org\/\" target=\"_blank\" rel=\"noreferrer noopener\">site AELF<\/a>\u2026).<\/p>\n\n\n\n<p><strong><u>A partir de commentaires de la Parole de Dieu :<\/u><\/strong><\/p>\n\n\n\n<p>Hom\u00e9lie du pr\u00eatre de la paroisse<\/p>\n\n\n\n<p>Commentaires de la th\u00e9ologienne Marie-No\u00eblle THABUT : d\u00e9couvrir<\/p>\n\n\n\n<p><strong><u>A partir de vid\u00e9os ou d\u2019enregistrements audios :<\/u><\/strong><\/p>\n\n\n\n<p>Exemples de sites internet :<\/p>\n\n\n\n<ul class=\"wp-block-list\">\n<li><a href=\"https:\/\/www.netforgod.tv\/fr\/home\/films\">netforgod&nbsp;<\/a>(site r\u00e9alis\u00e9 par la communaut\u00e9 du chemin neuf) qui propose des petites vid\u00e9os\/films d\u2019environ 30 mn.<\/li>\n\n\n\n<li><a href=\"https:\/\/www.ktotv.com\/\" target=\"_blank\" rel=\"noreferrer noopener\">KTO<\/a>&nbsp;: des vid\u00e9os et des \u00e9missions en audio par podcasts<\/li>\n\n\n\n<li><a href=\"http:\/\/www.cellules-evangelisation.org\/\">Cellules paroissiales d\u2019\u00e9vang\u00e9lisation<\/a>&nbsp;: enseignements \u00e0 partir de la parole de Dieu en audio<\/li>\n\n\n\n<li><a href=\"https:\/\/www.rcf.fr\/\">RCF<\/a>&nbsp;: \u00e9missions int\u00e9ressantes en podcasts notamment.<\/li>\n\n\n\n<li><a href=\"https:\/\/play.emmanuel.info\/\">Emmanuelplay&nbsp;<\/a>: des vid\u00e9os et des enseignements<\/li>\n<\/ul>\n\n\n\n<p><strong>A partir de textes du Pape Fran\u00e7ois :<\/strong><\/p>\n\n\n\n<p>\u2013 La joie de l\u2019Evangile (Exhortation apostolique \u2013 2013)<\/p>\n\n\n\n<p>\u2013 Lou\u00e9 sois-tu, Laudato Si (Lettre encyclique sur la sauvegarde de la maison commune \u2013 2015)<\/p>\n\n\n\n<p>\u2013 Christus vivit (Exhortation apostolique sur les jeunes, la foi et le discernement vocationnel \u2013 2019)<\/p>\n\n\n\n<p>\u2013 Fratelli Tutti, Tous fr\u00e8res (Lettre encyclique sur la fraternit\u00e9 et l\u2019amiti\u00e9 sociale -2020)<\/p>\n\n\n\n<p><strong>A partir d\u2019autres textes de l\u2019Eglise\u2026<\/strong><\/p>\n","protected":false},"excerpt":{"rendered":"<p>Enseignements cl\u00e9s en main du dioc\u00e8se Le temps d\u2019enseignement est un moment important de la rencontre de la Fraternit\u00e9. Le dioc\u00e8se vous propose des enseignements cl\u00e9s en main. Vivre l\u2019Avent DECOUVRIR LE LIVRET Attitudes d\u2019amour de J\u00e9sus dans l\u2019Evangile Au travers de 10 textes d\u2019Evangile, nous vous proposons d\u2019observer des [&hellip;]<\/p>\n","protected":false},"author":2,"featured_media":0,"parent":0,"menu_order":0,"comment_status":"closed","ping_status":"closed","template":"","meta":{"_themeisle_gutenberg_block_has_review":false,"footnotes":""},"class_list":["post-76","page","type-page","status-publish","hentry"],"_links":{"self":[{"href":"https:\/\/fraternites-paroissiales-missionnaires56.fr\/index.php\/wp-json\/wp\/v2\/pages\/76","targetHints":{"allow":["GET"]}}],"collection":[{"href":"https:\/\/fraternites-paroissiales-missionnaires56.fr\/index.php\/wp-json\/wp\/v2\/pages"}],"about":[{"href":"https:\/\/fraternites-paroissiales-missionnaires56.fr\/index.php\/wp-json\/wp\/v2\/types\/page"}],"author":[{"embeddable":true,"href":"https:\/\/fraternites-paroissiales-missionnaires56.fr\/index.php\/wp-json\/wp\/v2\/users\/2"}],"replies":[{"embeddable":true,"href":"https:\/\/fraternites-paroissiales-missionnaires56.fr\/index.php\/wp-json\/wp\/v2\/comments?post=76"}],"version-history":[{"count":2,"href":"https:\/\/fraternites-paroissiales-missionnaires56.fr\/index.php\/wp-json\/wp\/v2\/pages\/76\/revisions"}],"predecessor-version":[{"id":103,"href":"https:\/\/fraternites-paroissiales-missionnaires56.fr\/index.php\/wp-json\/wp\/v2\/pages\/76\/revisions\/103"}],"wp:attachment":[{"href":"https:\/\/fraternites-paroissiales-missionnaires56.fr\/index.php\/wp-json\/wp\/v2\/media?parent=76"}],"curies":[{"name":"wp","href":"https:\/\/api.w.org\/{rel}","templated":true}]}}